{"id":139,"date":"2022-01-03T03:19:05","date_gmt":"2022-01-03T03:19:05","guid":{"rendered":"https:\/\/focogame.com\/?page_id=139"},"modified":"2022-01-03T05:43:56","modified_gmt":"2022-01-03T05:43:56","slug":"support","status":"publish","type":"page","link":"https:\/\/focogame.com\/en\/support\/","title":{"rendered":"Support"},"content":{"rendered":"\t\t<div data-elementor-type=\"wp-page\" data-elementor-id=\"139\" class=\"elementor elementor-139\">\n\t\t\t\t\t\t<section class=\"elementor-section elementor-top-section elementor-element elementor-element-b7c0e67 elementor-section-full_width elementor-section-height-default elementor-section-height-default\" data-id=\"b7c0e67\" data-element_type=\"section\">\n\t\t\t\t\t\t<div class=\"elementor-container elementor-column-gap-no\">\n\t\t\t\t\t<div class=\"elementor-column elementor-col-100 elementor-top-column elementor-element elementor-element-c685948\" data-id=\"c685948\" data-element_type=\"column\">\n\t\t\t<div class=\"elementor-widget-wrap elementor-element-populated\">\n\t\t\t\t\t\t<div class=\"elementor-element elementor-element-523c9d8 elementor-widget elementor-widget-image\" data-id=\"523c9d8\" data-element_type=\"widget\" data-widget_type=\"image.default\">\n\t\t\t\t<div class=\"elementor-widget-container\">\n\t\t\t\t\t\t\t\t\t\t\t\t\t\t\t<img fetchpriority=\"high\" decoding=\"async\" width=\"2000\" height=\"1000\" src=\"https:\/\/i0.wp.com\/focogame.com\/wp-content\/uploads\/2022\/01\/car-2000x1000-1.jpg?fit=2000%2C1000&amp;ssl=1\" class=\"attachment-full size-full wp-image-98\" alt=\"\" srcset=\"https:\/\/i0.wp.com\/focogame.com\/wp-content\/uploads\/2022\/01\/car-2000x1000-1.jpg?w=2000&amp;ssl=1 2000w, https:\/\/i0.wp.com\/focogame.com\/wp-content\/uploads\/2022\/01\/car-2000x1000-1.jpg?resize=300%2C150&amp;ssl=1 300w, https:\/\/i0.wp.com\/focogame.com\/wp-content\/uploads\/2022\/01\/car-2000x1000-1.jpg?resize=1024%2C512&amp;ssl=1 1024w, https:\/\/i0.wp.com\/focogame.com\/wp-content\/uploads\/2022\/01\/car-2000x1000-1.jpg?resize=768%2C384&amp;ssl=1 768w, https:\/\/i0.wp.com\/focogame.com\/wp-content\/uploads\/2022\/01\/car-2000x1000-1.jpg?resize=1536%2C768&amp;ssl=1 1536w, https:\/\/i0.wp.com\/focogame.com\/wp-content\/uploads\/2022\/01\/car-2000x1000-1.jpg?w=1600 1600w\" sizes=\"(max-width: 800px) 100vw, 800px\" \/>\t\t\t\t\t\t\t\t\t\t\t\t\t\t\t<\/div>\n\t\t\t\t<\/div>\n\t\t\t\t<div class=\"elementor-element elementor-element-acedb88 elementor-widget elementor-widget-spacer\" data-id=\"acedb88\" data-element_type=\"widget\" data-widget_type=\"spacer.default\">\n\t\t\t\t<div class=\"elementor-widget-container\">\n\t\t\t\t\t\t\t<div class=\"elementor-spacer\">\n\t\t\t<div class=\"elementor-spacer-inner\"><\/div>\n\t\t<\/div>\n\t\t\t\t\t\t<\/div>\n\t\t\t\t<\/div>\n\t\t\t\t\t<\/div>\n\t\t<\/div>\n\t\t\t\t\t<\/div>\n\t\t<\/section>\n\t\t\t\t<section class=\"elementor-section elementor-top-section elementor-element elementor-element-848b613 elementor-section-boxed elementor-section-height-default elementor-section-height-default\" data-id=\"848b613\" data-element_type=\"section\">\n\t\t\t\t\t\t<div class=\"elementor-container elementor-column-gap-default\">\n\t\t\t\t\t<div class=\"elementor-column elementor-col-50 elementor-top-column elementor-element elementor-element-c6a39dd\" data-id=\"c6a39dd\" data-element_type=\"column\">\n\t\t\t<div class=\"elementor-widget-wrap elementor-element-populated\">\n\t\t\t\t\t\t<div class=\"elementor-element elementor-element-8aad47a elementor-widget elementor-widget-text-editor\" data-id=\"8aad47a\" data-element_type=\"widget\" data-widget_type=\"text-editor.default\">\n\t\t\t\t<div class=\"elementor-widget-container\">\n\t\t\t\t\t\t\t\t\t<h2>Precisando de ajuda?<\/h2>\t\t\t\t\t\t\t\t<\/div>\n\t\t\t\t<\/div>\n\t\t\t\t\t<\/div>\n\t\t<\/div>\n\t\t\t\t<div class=\"elementor-column elementor-col-50 elementor-top-column elementor-element elementor-element-9ec7c02\" data-id=\"9ec7c02\" data-element_type=\"column\">\n\t\t\t<div class=\"elementor-widget-wrap\">\n\t\t\t\t\t\t\t<\/div>\n\t\t<\/div>\n\t\t\t\t\t<\/div>\n\t\t<\/section>\n\t\t\t\t<section class=\"elementor-section elementor-top-section elementor-element elementor-element-403ccef elementor-section-boxed elementor-section-height-default elementor-section-height-default\" data-id=\"403ccef\" data-element_type=\"section\">\n\t\t\t\t\t\t<div class=\"elementor-container elementor-column-gap-default\">\n\t\t\t\t\t<div class=\"elementor-column elementor-col-50 elementor-top-column elementor-element elementor-element-23be93d\" data-id=\"23be93d\" data-element_type=\"column\">\n\t\t\t<div class=\"elementor-widget-wrap elementor-element-populated\">\n\t\t\t\t\t\t<div class=\"elementor-element elementor-element-b623e91 eael-wpforms-labels-yes eael-wpforms-form-button-custom elementor-widget elementor-widget-eael-wpforms\" data-id=\"b623e91\" data-element_type=\"widget\" data-widget_type=\"eael-wpforms.default\">\n\t\t\t\t<div class=\"elementor-widget-container\">\n\t\t\t\t\t            <div class=\"eael-contact-form eael-wpforms eael-custom-radio-checkbox eael-wpforms-align-default\">\n                                <div class=\"wpforms-container wpforms-container-full\" id=\"wpforms-147\"><form id=\"wpforms-form-147\" class=\"wpforms-validate wpforms-form wpforms-ajax-form\" data-formid=\"147\" method=\"post\" enctype=\"multipart\/form-data\" action=\"\/en\/wp-json\/wp\/v2\/pages\/139\" data-token=\"4e124b79d145e06172064a1a537dbe07\" data-token-time=\"1778685159\"><noscript class=\"wpforms-error-noscript\">Please enable JavaScript in your browser to complete this form.<\/noscript><div class=\"wpforms-field-container\"><div id=\"wpforms-147-field_5-container\" class=\"wpforms-field wpforms-field-select wpforms-field-select-style-classic\" data-field-id=\"5\"><label class=\"wpforms-field-label\" for=\"wpforms-147-field_5\">Problema: <span class=\"wpforms-required-label\">*<\/span><\/label><select id=\"wpforms-147-field_5\" class=\"wpforms-field-medium wpforms-field-required\" name=\"wpforms[fields][5]\" required=\"required\"><option value=\"Problema: com qualquer compra\"  class=\"choice-2 depth-1\"  >Problema: com qualquer compra<\/option><option value=\"Problema: com o site\"  class=\"choice-1 depth-1\"  >Problema: com o site<\/option><option value=\"Problema: com a conta\"  class=\"choice-3 depth-1\"  >Problema: com a conta<\/option><option value=\"Problema: Outro\"  class=\"choice-4 depth-1\"  >Problema: Outro<\/option><\/select><\/div><div id=\"wpforms-147-field_2-container\" class=\"wpforms-field wpforms-field-email\" data-field-id=\"2\"><label class=\"wpforms-field-label\" for=\"wpforms-147-field_2\">Email: <span class=\"wpforms-required-label\">*<\/span><\/label><input type=\"email\" id=\"wpforms-147-field_2\" class=\"wpforms-field-medium wpforms-field-required\" name=\"wpforms[fields][2]\" spellcheck=\"false\" required><\/div><div id=\"wpforms-147-field_1-container\" class=\"wpforms-field wpforms-field-name\" data-field-id=\"1\"><label class=\"wpforms-field-label\" for=\"wpforms-147-field_1\">Nome: <span class=\"wpforms-required-label\">*<\/span><\/label><input type=\"text\" id=\"wpforms-147-field_1\" class=\"wpforms-field-medium wpforms-field-required\" name=\"wpforms[fields][1]\" required><\/div><div id=\"wpforms-147-field_3-container\" class=\"wpforms-field wpforms-field-textarea\" data-field-id=\"3\"><label class=\"wpforms-field-label\" for=\"wpforms-147-field_3\">Explique com mais detalhes: <span class=\"wpforms-required-label\">*<\/span><\/label><textarea id=\"wpforms-147-field_3\" class=\"wpforms-field-medium wpforms-field-required\" name=\"wpforms[fields][3]\" required><\/textarea><\/div><\/div><!-- .wpforms-field-container --><div class=\"wpforms-submit-container\" ><input type=\"hidden\" name=\"wpforms[id]\" value=\"147\"><input type=\"hidden\" name=\"page_title\" value=\"\"><input type=\"hidden\" name=\"page_url\" value=\"https:\/\/focogame.com\/en\/wp-json\/wp\/v2\/pages\/139\"><input type=\"hidden\" name=\"url_referer\" value=\"\"><button type=\"submit\" name=\"wpforms[submit]\" id=\"wpforms-submit-147\" class=\"wpforms-submit\" data-alt-text=\"Enviando ...\" data-submit-text=\"Enviar\" aria-live=\"assertive\" value=\"wpforms-submit\">Enviar<\/button><img decoding=\"async\" src=\"https:\/\/focogame.com\/wp-content\/plugins\/wpforms-lite\/assets\/images\/submit-spin.svg\" class=\"wpforms-submit-spinner\" style=\"display: none;\" width=\"26\" height=\"26\" alt=\"Loading\"><\/div><\/form><\/div>  <!-- .wpforms-container -->            <\/div>\n\t\t\t\t<\/div>\n\t\t\t\t<\/div>\n\t\t\t\t\t<\/div>\n\t\t<\/div>\n\t\t\t\t<div class=\"elementor-column elementor-col-50 elementor-top-column elementor-element elementor-element-b61053a\" data-id=\"b61053a\" data-element_type=\"column\">\n\t\t\t<div class=\"elementor-widget-wrap elementor-element-populated\">\n\t\t\t\t\t\t<div class=\"elementor-element elementor-element-594ebcb elementor-widget elementor-widget-text-editor\" data-id=\"594ebcb\" data-element_type=\"widget\" data-widget_type=\"text-editor.default\">\n\t\t\t\t<div class=\"elementor-widget-container\">\n\t\t\t\t\t\t\t\t\t<p>Envie um formul\u00e1rio e fale sobre o que voc\u00ea precisa.<\/p><p>Voc\u00ea tamb\u00e9m pode enviar um e-mail direto para <strong>support@focogame.com<\/strong><\/p>\t\t\t\t\t\t\t\t<\/div>\n\t\t\t\t<\/div>\n\t\t\t\t\t<\/div>\n\t\t<\/div>\n\t\t\t\t\t<\/div>\n\t\t<\/section>\n\t\t\t\t<\/div>\n\t\t","protected":false},"excerpt":{"rendered":"<p>Precisando de ajuda? Please enable JavaScript in your browser to complete this form.ProblemProblem: with any purchaseProblem: with the websiteProblem: with the accountProblem: AnotherEmail *Name *FirstLastExplain in more detail: Submit Envie um formul\u00e1rio e fale sobre o que voc\u00ea precisa. Voc\u00ea tamb\u00e9m pode enviar um e-mail direto para support@focogame.com<\/p>","protected":false},"author":1,"featured_media":0,"parent":0,"menu_order":0,"comment_status":"closed","ping_status":"closed","template":"elementor_canvas","meta":{"om_disable_all_campaigns":false,"footnotes":""},"class_list":["post-139","page","type-page","status-publish","hentry"],"aioseo_notices":[],"jetpack-related-posts":[],"jetpack_sharing_enabled":true,"_links":{"self":[{"href":"https:\/\/focogame.com\/en\/wp-json\/wp\/v2\/pages\/139","targetHints":{"allow":["GET"]}}],"collection":[{"href":"https:\/\/focogame.com\/en\/wp-json\/wp\/v2\/pages"}],"about":[{"href":"https:\/\/focogame.com\/en\/wp-json\/wp\/v2\/types\/page"}],"author":[{"embeddable":true,"href":"https:\/\/focogame.com\/en\/wp-json\/wp\/v2\/users\/1"}],"replies":[{"embeddable":true,"href":"https:\/\/focogame.com\/en\/wp-json\/wp\/v2\/comments?post=139"}],"version-history":[{"count":22,"href":"https:\/\/focogame.com\/en\/wp-json\/wp\/v2\/pages\/139\/revisions"}],"predecessor-version":[{"id":171,"href":"https:\/\/focogame.com\/en\/wp-json\/wp\/v2\/pages\/139\/revisions\/171"}],"wp:attachment":[{"href":"https:\/\/focogame.com\/en\/wp-json\/wp\/v2\/media?parent=139"}],"curies":[{"name":"wp","href":"https:\/\/api.w.org\/{rel}","templated":true}]}}